{"id":91,"date":"2019-02-27T12:45:04","date_gmt":"2019-02-27T11:45:04","guid":{"rendered":"https:\/\/memories.monovar.es\/?page_id=91"},"modified":"2025-02-20T09:48:26","modified_gmt":"2025-02-20T08:48:26","slug":"presentacio-2","status":"publish","type":"page","link":"https:\/\/memories.monovar.es\/index.php\/presentacio-2\/","title":{"rendered":"Presentaci\u00f3"},"content":{"rendered":"<p>[et_pb_section fb_built=\u00bb1&#8243; _builder_version=\u00bb4.16&#8243; custom_padding=\u00bb128px|||||\u00bb global_colors_info=\u00bb{}\u00bb][et_pb_row _builder_version=\u00bb4.26.0&#8243; _module_preset=\u00bb_initial\u00bb background_size=\u00bbinitial\u00bb background_position=\u00bbtop_left\u00bb background_repeat=\u00bbrepeat\u00bb custom_margin=\u00bb-36px|auto|0px|auto||\u00bb custom_padding=\u00bb||23px|0px||\u00bb global_colors_info=\u00bb{}\u00bb][et_pb_column type=\u00bb4_4&#8243; _builder_version=\u00bb4.16&#8243; custom_padding=\u00bb|||\u00bb global_colors_info=\u00bb{}\u00bb custom_padding__hover=\u00bb|||\u00bb][et_pb_text _builder_version=\u00bb4.16&#8243; background_size=\u00bbinitial\u00bb background_position=\u00bbtop_left\u00bb background_repeat=\u00bbrepeat\u00bb min_height=\u00bb446px\u00bb custom_margin=\u00bb-134px|||||\u00bb custom_padding=\u00bb||0px|||\u00bb global_colors_info=\u00bb{}\u00bb]<!-- divi:html --><\/p>\n<p style=\"text-align: justify;\"><strong><\/strong><\/p>\n<p style=\"text-align: justify;\"><strong>L\u2019Arxiu de les Mem\u00f2ries Monoveres (l\u2019AMM)<\/strong> \u00e9s una iniciativa impulsada per la Regidoria de Patrimoni de l\u2019Ajuntament de Mon\u00f2ver i la Televisi\u00f3n Municipal de Mon\u00f3var amb la finalitat de crear un registre audiovisual sobre la hist\u00f2ria oral del nostre municipi. Ho farem mitjan\u00e7ant l\u2019enregistrament, estudi i difusi\u00f3 d\u2019entrevistes biogr\u00e0fiques a persones nascudes abans de 1940.<\/p>\n<p style=\"text-align: justify;\">Les entrevistes es penjaran en l\u2019espai web, de manera escalonada, en seq\u00fc\u00e8ncies curtes de menys de 5 minuts de durada. A la vegada, aquestes s\u2019organitzaran en diverses seccions tem\u00e0tiques amb el prop\u00f2sit de fer m\u00e9s f\u00e0cil la navegaci\u00f3. Es tracta doncs, d\u2019un recorregut per la nostra hist\u00f2ria m\u00e9s recent que analitzar\u00e0, des de la perspectiva particular dels seus protagonistes, els principals canvis socioculturals succe\u00efts al poble durant el darrer segle.<\/p>\n<p style=\"text-align: justify;\">En este sentit, l\u2019Arxiu de les Mem\u00f2ries Monoveres es presenta com un projecte multidisciplinari que treballar\u00e0 per aconseguir els seg\u00fcents objectius:<\/p>\n<p style=\"text-align: justify;\">\n<ul style=\"text-align: justify;\">\n<li>Crear una base de dades virtual sobre la hist\u00f2ria oral de Mon\u00f2ver.<\/li>\n<li>\u00a0Recuperar el testimoniatge de les persones nascudes a principis del segle XX.<\/li>\n<li>Fomentar la participaci\u00f3 en la recuperaci\u00f3 del patrimoni cultural.<\/li>\n<li>Valorar el paper de les persones majors en la nostra societat.<\/li>\n<li>Fomentar la recerca i facilitar les fonts als investigadors.<\/li>\n<\/ul>\n<p style=\"text-align: justify;\">A principis de l\u2019any 2023, l\u2019Arxiu de les Mem\u00f2ries Monoveres va decidir ampliar el rang d\u2019edat de les persones d\u2019entrevistes. Aquesta decisi\u00f3 es va basar dos factors. Per una banda, per l\u2019escassetat de veus de persones nascudes abans de 1940. Per q\u00fcestions naturals, aquestes veus s\u2019estan agapant a poc a poc i cada vegada se\u2019ns fa m\u00e9s complicat aconseguir els seus testimonis. Per altra banda, l\u2019ampliaci\u00f3 del rang d\u2019edat tamb\u00e9 t\u00e9 com a finalitat donar visibilitat a monoveres i monovers d\u2019altres generacions. Aquest fet, a m\u00e9s a m\u00e9s, ha perm\u00e9s la col\u00b7laboraci\u00f3 de nous col\u00b7lectius. En aquest sentit, \u201cEl Respiro Familiar\u201d, el Col\u00b7legi Divina Pastora i l&#8217;Instut Enric Valor tamb\u00e9 s\u2019ha sumat a la compilaci\u00f3 de testimonis, mitjan\u00e7ant la realitzaci\u00f3 d\u2019entrevistes a persones vinculades als seus col\u00b7lectius.<\/p>\n<p style=\"text-align: justify;\">\n<p>[\/et_pb_text][\/et_pb_column][\/et_pb_row][\/et_pb_section]<\/p>\n","protected":false},"excerpt":{"rendered":"<p>L\u2019Arxiu de les Mem\u00f2ries Monoveres (l\u2019AMM) \u00e9s una iniciativa impulsada per la Regidoria de Patrimoni de l\u2019Ajuntament de Mon\u00f2ver i la Televisi\u00f3n Municipal de Mon\u00f3var amb la finalitat de crear [&hellip;]<\/p>\n","protected":false},"author":1,"featured_media":0,"parent":0,"menu_order":0,"comment_status":"closed","ping_status":"closed","template":"","meta":{"_et_pb_use_builder":"on","_et_pb_old_content":"<!-- wp:html -->\n<p><strong>L\u2019Arxiu de les Mem\u00f2ries Monoveres (l\u2019AMM)<\/strong> \u00e9s una iniciativa impulsada per la Regidoria de Patrimoni de l\u2019Ajuntament de Mon\u00f2ver amb la finalitat de crear un registre audiovisual sobre la hist\u00f2ria oral del nostre municipi. Ho farem mitjan\u00e7ant l\u2019enregistrament, estudi i difusi\u00f3 d\u2019entrevistes biogr\u00e0fiques a persones nascudes abans de 1940.<\/p>\n<p>Les entrevistes es penjaran en l\u2019espai web, de manera escalonada, en seq\u00fc\u00e8ncies curtes de menys de 5 minuts de durada. A la vegada, aquestes s\u2019organitzaran en diverses seccions tem\u00e0tiques amb el prop\u00f2sit de fer m\u00e9s f\u00e0cil la navegaci\u00f3. Es tracta doncs, d\u2019un recorregut per la nostra hist\u00f2ria m\u00e9s recent que analitzar\u00e0, des de la perspectiva particular dels seus protagonistes, els principals canvis socioculturals succe\u00efts al poble durant el darrer segle.<\/p>\n<p>En este sentit, l\u2019Arxiu de les Mem\u00f2ries Monoveres es presenta com un projecte multidisciplinari que treballar\u00e0 per aconseguir els seg\u00fcents objectius:<\/p>\n<ul>\n<li>Crear una base de dades virtual sobre la hist\u00f2ria oral de Mon\u00f2ver.<\/li>\n<li>\u00a0Recuperar el testimoniatge de les persones nascudes a principis del segle XX.<\/li>\n<li>Fomentar la participaci\u00f3 en la recuperaci\u00f3 del patrimoni cultural.<\/li>\n<li>Valorar el paper de les persones majors en la nostra societat.<\/li>\n<li>Fomentar la recerca i facilitar les fonts als investigadors.<\/li>\n<\/ul>\n<p>Idea i gui\u00f3: Ferran D\u00edaz.<\/p>\n<ul>\n<p>Enregistrament i muntatge: Pepe Navarro.\u00a0<img class=\"wp-image-380 aligncenter\" src=\"https:\/\/memories.monovar.es\/wp-content\/uploads\/2021\/01\/Escuts-Regidoria-de-Patrimoni2-2-300x212.png\" alt=\"\" width=\"180\" height=\"127\" \/><\/p>\n<!-- \/wp:html -->\n\n<!-- wp:paragraph -->\n<p><\/p>\n<!-- \/wp:paragraph -->","_et_gb_content_width":"","footnotes":""},"class_list":["post-91","page","type-page","status-publish","hentry"],"_links":{"self":[{"href":"https:\/\/memories.monovar.es\/index.php\/wp-json\/wp\/v2\/pages\/91","targetHints":{"allow":["GET"]}}],"collection":[{"href":"https:\/\/memories.monovar.es\/index.php\/wp-json\/wp\/v2\/pages"}],"about":[{"href":"https:\/\/memories.monovar.es\/index.php\/wp-json\/wp\/v2\/types\/page"}],"author":[{"embeddable":true,"href":"https:\/\/memories.monovar.es\/index.php\/wp-json\/wp\/v2\/users\/1"}],"replies":[{"embeddable":true,"href":"https:\/\/memories.monovar.es\/index.php\/wp-json\/wp\/v2\/comments?post=91"}],"version-history":[{"count":55,"href":"https:\/\/memories.monovar.es\/index.php\/wp-json\/wp\/v2\/pages\/91\/revisions"}],"predecessor-version":[{"id":1122,"href":"https:\/\/memories.monovar.es\/index.php\/wp-json\/wp\/v2\/pages\/91\/revisions\/1122"}],"wp:attachment":[{"href":"https:\/\/memories.monovar.es\/index.php\/wp-json\/wp\/v2\/media?parent=91"}],"curies":[{"name":"wp","href":"https:\/\/api.w.org\/{rel}","templated":true}]}}